{"id":20901,"date":"2024-12-11T14:36:31","date_gmt":"2024-12-11T14:36:31","guid":{"rendered":"https:\/\/www.cahitefendi.com\/tr\/?post_type=product&#038;p=20901"},"modified":"2024-12-11T14:36:31","modified_gmt":"2024-12-11T14:36:31","slug":"cahit-efendi-cekirdek-kahve-1000-gr-avdimio-kahve-kremasi-1000-gr","status":"publish","type":"product","link":"https:\/\/www.cahitefendi.com\/tr\/urun\/cahit-efendi-cekirdek-kahve-1000-gr-avdimio-kahve-kremasi-1000-gr\/","title":{"rendered":"Cahit Efendi \u00c7ekirdek Kahve 1000 gr+ Avdimio Kahve Kremas\u0131 1000 gr."},"content":{"rendered":"<p>Tatl\u0131 karamel aromaya, f\u0131nd\u0131ks\u0131 tatlara ve ge\u00e7mi\u015fte g\u00f6vdeye sahip olan bu y\u00f6resel kahve \u00e7ekirde\u011fi, Kolombiya\u2019dan en \u00e7ok ihra\u00e7 edilen \u00f6rneklerdir. \u00c7ekirdeklerin d\u00fc\u015f\u00fck \u0131s\u0131da uzun s\u00fcre kavrulmas\u0131 ile elde edilen hafif sert aromas\u0131 ile tiryakinin a\u011f\u0131z tad\u0131na g\u00f6re bir harmand\u0131r. 1000, 500 ve 250gr. Ambalajlarda olup talebe g\u00f6re \u201cFiltre\u201d veya \u201cEspresso\u201d i\u00e7in \u00f6\u011f\u00fct\u00fclm\u00fc\u015f olarak da sevk edilebilmektedir. Sipari\u015fte belirtilmesi rica olunur. Ev tipi k\u00fc\u00e7\u00fck makineler, French Press ve ayn\u0131 zamanda profesyonel Cimbali tipi makineler i\u00e7in de uygundur.<\/p>\n<p>+<\/p>\n<p>S\u00fct proteini esasl\u0131 kahve beyazlat\u0131c\u0131 kremad\u0131r. Her t\u00fcr Espresso, Filtre, Gran\u00fcl kahveye a\u011f\u0131z tad\u0131na g\u00f6re kar\u0131\u015ft\u0131rabilirsiniz.<\/p>\n<p>&nbsp;<\/p>\n","protected":false},"excerpt":{"rendered":"<p>Tatl\u0131 karamel aromaya, f\u0131nd\u0131ks\u0131 tatlara ve ge\u00e7mi\u015fte g\u00f6vdeye sahip olan bu y\u00f6resel kahve \u00e7ekirde\u011fi, Kolombiya\u2019dan en \u00e7ok ihra\u00e7 edilen \u00f6rneklerdir.<\/p>\n","protected":false},"featured_media":20905,"comment_status":"open","ping_status":"closed","template":"","meta":[],"product_brand":[],"product_cat":[15],"product_tag":[],"class_list":{"0":"post-20901","1":"product","2":"type-product","3":"status-publish","4":"has-post-thumbnail","6":"product_cat-avantaj-paketleri","8":"first","9":"instock","10":"sale","11":"taxable","12":"shipping-taxable","13":"purchasable","14":"product-type-simple"},"_links":{"self":[{"href":"https:\/\/www.cahitefendi.com\/tr\/wp-json\/wp\/v2\/product\/20901","targetHints":{"allow":["GET"]}}],"collection":[{"href":"https:\/\/www.cahitefendi.com\/tr\/wp-json\/wp\/v2\/product"}],"about":[{"href":"https:\/\/www.cahitefendi.com\/tr\/wp-json\/wp\/v2\/types\/product"}],"replies":[{"embeddable":true,"href":"https:\/\/www.cahitefendi.com\/tr\/wp-json\/wp\/v2\/comments?post=20901"}],"wp:featuredmedia":[{"embeddable":true,"href":"https:\/\/www.cahitefendi.com\/tr\/wp-json\/wp\/v2\/media\/20905"}],"wp:attachment":[{"href":"https:\/\/www.cahitefendi.com\/tr\/wp-json\/wp\/v2\/media?parent=20901"}],"wp:term":[{"taxonomy":"product_brand","embeddable":true,"href":"https:\/\/www.cahitefendi.com\/tr\/wp-json\/wp\/v2\/product_brand?post=20901"},{"taxonomy":"product_cat","embeddable":true,"href":"https:\/\/www.cahitefendi.com\/tr\/wp-json\/wp\/v2\/product_cat?post=20901"},{"taxonomy":"product_tag","embeddable":true,"href":"https:\/\/www.cahitefendi.com\/tr\/wp-json\/wp\/v2\/product_tag?post=20901"}],"curies":[{"name":"wp","href":"https:\/\/api.w.org\/{rel}","templated":true}]}}