{"id":20703,"date":"2023-01-24T11:52:54","date_gmt":"2023-01-24T11:52:54","guid":{"rendered":"https:\/\/www.cahitefendi.com\/tr\/?post_type=product&#038;p=20703"},"modified":"2025-02-15T16:05:48","modified_gmt":"2025-02-15T16:05:48","slug":"cahit-efendi-ogutulmemis-cekirdek-kahve-1000gr","status":"publish","type":"product","link":"https:\/\/www.cahitefendi.com\/tr\/urun\/cahit-efendi-ogutulmemis-cekirdek-kahve-1000gr\/","title":{"rendered":"Cahit Efendi \u00d6\u011f\u00fct\u00fclmemi\u015f \u00c7ekirdek Kahve 1000gr."},"content":{"rendered":"<p><span style=\"vertical-align: inherit;\"><span style=\"vertical-align: inherit;\">Tatl\u0131 karamel aromaya, f\u0131nd\u0131ks\u0131 tatlara ve ge\u00e7mi\u015fte g\u00f6vdeye sahip olan bu y\u00f6resel kahve \u00e7ekirde\u011fi, Kolombiya&#8217;dan en \u00e7ok ihra\u00e7 edilen \u00f6rneklerdir. <\/span><span style=\"vertical-align: inherit;\">\u00c7ekirdeklerin d\u00fc\u015f\u00fck \u0131s\u0131da uzun s\u00fcre kavrulmas\u0131 ile elde edilen hafif sert aromas\u0131 ile tiryakinin a\u011f\u0131z tad\u0131na g\u00f6re bir harmand\u0131r. <\/span><span style=\"vertical-align: inherit;\">1000, 500 ve 250gr. <\/span><span style=\"vertical-align: inherit;\">Ambalajlarda olup talebe g\u00f6re &#8220;Filtre&#8221; veya &#8220;Espresso&#8221; i\u00e7in \u00f6\u011f\u00fct\u00fclm\u00fc\u015f olarak da sevk edilebilmektedir. <\/span><span style=\"vertical-align: inherit;\">Sipari\u015fte belirtilmesi rica olunur. <\/span><\/span><br \/>\n<span style=\"vertical-align: inherit;\"><span style=\"vertical-align: inherit;\">Ev tipi k\u00fc\u00e7\u00fck makineler, French Press ve ayn\u0131 zamanda profesyonel Cimbali tipi makineler i\u00e7in de uygundur.<\/span><\/span><\/p>\n","protected":false},"excerpt":{"rendered":"<ul class=\"detail-desc-list\">\n<li><span style=\"vertical-align: inherit;\"><span style=\"vertical-align: inherit;\">Tatl\u0131 karamel aromaya, f\u0131nd\u0131ks\u0131 tatlara ve ge\u00e7mi\u015fte g\u00f6vdeye sahip olan bu y\u00f6resel kahve \u00e7ekirde\u011fi, Kolombiya&#8217;dan en \u00e7ok ihra\u00e7 edilen \u00f6rneklerdir. <\/span><span style=\"vertical-align: inherit;\">\u00c7ekirdeklerin d\u00fc\u015f\u00fck \u0131s\u0131da uzun s\u00fcre kavrulmas\u0131 ile elde edilen hafif sert aromas\u0131 ile tiryakinin a\u011f\u0131z tad\u0131na g\u00f6re bir harmand\u0131r. <\/span><span style=\"vertical-align: inherit;\">1000, 500 ve 250gr. <\/span><span style=\"vertical-align: inherit;\">Ambalajlarda olup talebe g\u00f6re &#8220;Filtre&#8221; veya &#8220;Espresso&#8221; i\u00e7in \u00f6\u011f\u00fct\u00fclm\u00fc\u015f olarak da sevk edilebilmektedir. <\/span><span style=\"vertical-align: inherit;\">Sipari\u015fte belirtilmesi rica olunur.Ev tipi k\u00fc\u00e7\u00fck makineler, French Press ve ayn\u0131 zamanda profesyonel Cimbali tipi makineler i\u00e7in de uygundur.<\/span><\/span><\/li>\n<\/ul>\n","protected":false},"featured_media":20622,"comment_status":"open","ping_status":"closed","template":"","meta":[],"product_brand":[],"product_cat":[46,32],"product_tag":[],"class_list":{"0":"post-20703","1":"product","2":"type-product","3":"status-publish","4":"has-post-thumbnail","6":"product_cat-espresso-ogutulmus-kahveler","7":"product_cat-filtre-kahveler","9":"first","10":"instock","11":"sale","12":"purchasable","13":"product-type-simple"},"_links":{"self":[{"href":"https:\/\/www.cahitefendi.com\/tr\/wp-json\/wp\/v2\/product\/20703","targetHints":{"allow":["GET"]}}],"collection":[{"href":"https:\/\/www.cahitefendi.com\/tr\/wp-json\/wp\/v2\/product"}],"about":[{"href":"https:\/\/www.cahitefendi.com\/tr\/wp-json\/wp\/v2\/types\/product"}],"replies":[{"embeddable":true,"href":"https:\/\/www.cahitefendi.com\/tr\/wp-json\/wp\/v2\/comments?post=20703"}],"wp:featuredmedia":[{"embeddable":true,"href":"https:\/\/www.cahitefendi.com\/tr\/wp-json\/wp\/v2\/media\/20622"}],"wp:attachment":[{"href":"https:\/\/www.cahitefendi.com\/tr\/wp-json\/wp\/v2\/media?parent=20703"}],"wp:term":[{"taxonomy":"product_brand","embeddable":true,"href":"https:\/\/www.cahitefendi.com\/tr\/wp-json\/wp\/v2\/product_brand?post=20703"},{"taxonomy":"product_cat","embeddable":true,"href":"https:\/\/www.cahitefendi.com\/tr\/wp-json\/wp\/v2\/product_cat?post=20703"},{"taxonomy":"product_tag","embeddable":true,"href":"https:\/\/www.cahitefendi.com\/tr\/wp-json\/wp\/v2\/product_tag?post=20703"}],"curies":[{"name":"wp","href":"https:\/\/api.w.org\/{rel}","templated":true}]}}