{"id":20637,"date":"2022-07-28T12:26:15","date_gmt":"2022-07-28T12:26:15","guid":{"rendered":"https:\/\/www.cahitefendi.com\/tr\/?post_type=product&#038;p=20637"},"modified":"2025-02-15T17:17:44","modified_gmt":"2025-02-15T17:17:44","slug":"cahit-efendi-turk-kahvesi-500gr-sert-icim-kraft-ambalajinda-ozel-seri","status":"publish","type":"product","link":"https:\/\/www.cahitefendi.com\/tr\/urun\/cahit-efendi-turk-kahvesi-500gr-sert-icim-kraft-ambalajinda-ozel-seri\/","title":{"rendered":"Cahit Efendi T\u00fcrk Kahvesi 250gr. Sert \u0130\u00e7im Kraft Ambalaj\u0131nda \u00d6zel Seri"},"content":{"rendered":"<p><strong>Geleneksel T\u00fcrk Kahvesi&#8217;nin en g\u00fczel harman\u0131<\/strong><\/p>\n<ul class=\"detail-desc-list\">\n<li>Tatl\u0131 karamel aromaya, f\u0131nd\u0131ks\u0131 tatlara ve dengeli g\u00f6vdeye sahip olan bu y\u00f6resel kahve \u00e7ekirde\u011fi, Kolombiya&#8217;dan en \u00e7ok ihra\u00e7 edilen T\u00fcrk Kahvesi&#8217;nin en se\u00e7kin harman\u0131 \u00f6zel kar\u0131\u015f\u0131m birinci s\u0131n\u0131f \u00e7ekirdektir.<\/li>\n<li>\u00c7ekirdeklerin d\u00fc\u015f\u00fck \u0131s\u0131da uzun s\u00fcre kavrulmas\u0131 ile elde edilen hafif sert aromas\u0131 ile tiryakinin a\u011f\u0131z tad\u0131na uyacak bir harmand\u0131r.<\/li>\n<li>Yumu\u015fak i\u00e7imin biraz \u00fcst\u00fc sertlikte olup. kahve tiryakilerinin ve m\u00fcptelalar\u0131n\u0131n sevece\u011fi en g\u00fczel T\u00fcrk Kahvesi harman\u0131d\u0131r.<\/li>\n<li>1000, 500 ve 250gr. Ambalajlarda olup, ihtiyac\u0131n\u0131za g\u00f6re al\u0131p t\u00fcketebilir veya dostlar\u0131n\u0131za 40 y\u0131l hat\u0131r\u0131 kalacak hediye \u015feklinde g\u00f6nderebilirsiniz.<\/li>\n<\/ul>\n","protected":false},"excerpt":{"rendered":"<p><strong>Geleneksel T\u00fcrk Kahvesi&#8217;nin en g\u00fczel harman\u0131<\/strong><\/p>\n<ul class=\"detail-desc-list\">\n<li>Tatl\u0131 karamel aromaya, f\u0131nd\u0131ks\u0131 tatlara ve dengeli g\u00f6vdeye sahip olan bu y\u00f6resel kahve \u00e7ekirde\u011fi, Kolombiya&#8217;dan en \u00e7ok ihra\u00e7 edilen T\u00fcrk Kahvesi&#8217;nin en se\u00e7kin harman\u0131 \u00f6zel kar\u0131\u015f\u0131m birinci s\u0131n\u0131f \u00e7ekirdektir.<\/li>\n<li>\u00c7ekirdeklerin d\u00fc\u015f\u00fck \u0131s\u0131da uzun s\u00fcre kavrulmas\u0131 ile elde edilen hafif sert aromas\u0131 ile tiryakinin a\u011f\u0131z tad\u0131na uyacak bir harmand\u0131r.<\/li>\n<li>Yumu\u015fak i\u00e7imin biraz \u00fcst\u00fc sertlikte olup. kahve tiryakilerinin ve m\u00fcptelalar\u0131n\u0131n sevece\u011fi en g\u00fczel T\u00fcrk Kahvesi harman\u0131d\u0131r.<\/li>\n<li>1000, 500 ve 250gr. Ambalajlarda olup, ihtiyac\u0131n\u0131za g\u00f6re al\u0131p t\u00fcketebilir veya dostlar\u0131n\u0131za 40 y\u0131l hat\u0131r\u0131 kalacak hediye \u015feklinde g\u00f6nderebilirsiniz.<\/li>\n<\/ul>\n","protected":false},"featured_media":20629,"comment_status":"open","ping_status":"closed","template":"","meta":[],"product_brand":[],"product_cat":[57],"product_tag":[33,122,106],"class_list":{"0":"post-20637","1":"product","2":"type-product","3":"status-publish","4":"has-post-thumbnail","6":"product_cat-turk-kahvesi-cesitleri","7":"product_tag-arabica","8":"product_tag-kolombiya-fine-cup-rio","9":"product_tag-turk-kahvesi","11":"first","12":"instock","13":"sale","14":"taxable","15":"shipping-taxable","16":"purchasable","17":"product-type-simple"},"_links":{"self":[{"href":"https:\/\/www.cahitefendi.com\/tr\/wp-json\/wp\/v2\/product\/20637","targetHints":{"allow":["GET"]}}],"collection":[{"href":"https:\/\/www.cahitefendi.com\/tr\/wp-json\/wp\/v2\/product"}],"about":[{"href":"https:\/\/www.cahitefendi.com\/tr\/wp-json\/wp\/v2\/types\/product"}],"replies":[{"embeddable":true,"href":"https:\/\/www.cahitefendi.com\/tr\/wp-json\/wp\/v2\/comments?post=20637"}],"wp:featuredmedia":[{"embeddable":true,"href":"https:\/\/www.cahitefendi.com\/tr\/wp-json\/wp\/v2\/media\/20629"}],"wp:attachment":[{"href":"https:\/\/www.cahitefendi.com\/tr\/wp-json\/wp\/v2\/media?parent=20637"}],"wp:term":[{"taxonomy":"product_brand","embeddable":true,"href":"https:\/\/www.cahitefendi.com\/tr\/wp-json\/wp\/v2\/product_brand?post=20637"},{"taxonomy":"product_cat","embeddable":true,"href":"https:\/\/www.cahitefendi.com\/tr\/wp-json\/wp\/v2\/product_cat?post=20637"},{"taxonomy":"product_tag","embeddable":true,"href":"https:\/\/www.cahitefendi.com\/tr\/wp-json\/wp\/v2\/product_tag?post=20637"}],"curies":[{"name":"wp","href":"https:\/\/api.w.org\/{rel}","templated":true}]}}