{"id":20471,"date":"2022-03-16T09:04:27","date_gmt":"2022-03-16T09:04:27","guid":{"rendered":"https:\/\/www.cahitefendi.com\/tr\/?post_type=product&#038;p=20471"},"modified":"2024-06-11T11:11:30","modified_gmt":"2024-06-11T11:11:30","slug":"avdimio-cekirdek-kahve-400gr-silindir-kutu-ogutulmemis","status":"publish","type":"product","link":"https:\/\/www.cahitefendi.com\/tr\/urun\/avdimio-cekirdek-kahve-400gr-silindir-kutu-ogutulmemis\/","title":{"rendered":"Avdimio \u00c7ekirdek Kahve 400gr. Silindir Kutu \u00d6\u011f\u00fct\u00fclmemi\u015f"},"content":{"rendered":"<p>\u00d6zel \u015fekilde harmanlanarak ortalama 200 derece \u0131s\u0131da kavrulan Kolombiya ve Kenya k\u00f6kenli kahvelerin yar\u0131 yar\u0131ya harman\u0131d\u0131r. Standart olarak \u00e7ekirdek halinde sunulmakla birlikte talep halinde espresso veya filtre olarak \u00f6\u011f\u00fct\u00fclm\u00fc\u015f halde de teslim edilebilir. Kendi \u00f6\u011f\u00fct\u00fcc\u00fcs\u00fc olan m\u00fc\u015fterilerimiz \u00f6\u011f\u00fctme inceli\u011fini bireysel olarak ayarlama imkan\u0131na sahip olacakt\u0131r. Talep durumuna g\u00f6re 1.000gr ambalajlarda teslim edilebilir, sipari\u015fte belirtilmesi durumunda filtre \u00f6\u011f\u00fct\u00fclm\u00fc\u015f veya espresso \u00f6\u011f\u00fct\u00fclm\u00fc\u015f olarak haz\u0131rlayabiliriz Kavurma tekni\u011fi sonucu oransal olarak daha yumu\u015fak bir tad\u0131 fincan\u0131n\u0131za getirir.<\/p>\n","protected":false},"excerpt":{"rendered":"<p>\u00d6zel \u015fekilde harmanlanarak ortalama 200 derece \u0131s\u0131da kavrulan Kolombiya ve Kenya k\u00f6kenli kahvelerin yar\u0131 yar\u0131ya harman\u0131d\u0131r. Standart olarak \u00e7ekirdek halinde sunulmakla birlikte talep halinde espresso veya filtre olarak \u00f6\u011f\u00fct\u00fclm\u00fc\u015f halde de teslim edilebilir. Kendi \u00f6\u011f\u00fct\u00fcc\u00fcs\u00fc olan m\u00fc\u015fterilerimiz \u00f6\u011f\u00fctme inceli\u011fini bireysel olarak ayarlama imkan\u0131na sahip olacakt\u0131r. Talep durumuna g\u00f6re 1.000gr ambalajlarda teslim edilebilir, sipari\u015fte belirtilmesi durumunda filtre \u00f6\u011f\u00fct\u00fclm\u00fc\u015f veya espresso \u00f6\u011f\u00fct\u00fclm\u00fc\u015f olarak haz\u0131rlayabiliriz Kavurma tekni\u011fi sonucu oransal olarak daha yumu\u015fak bir tad\u0131 fincan\u0131n\u0131za getirir.<\/p>\n","protected":false},"featured_media":20468,"comment_status":"open","ping_status":"closed","template":"","meta":[],"product_brand":[],"product_cat":[46,32],"product_tag":[],"class_list":{"0":"post-20471","1":"product","2":"type-product","3":"status-publish","4":"has-post-thumbnail","6":"product_cat-espresso-ogutulmus-kahveler","7":"product_cat-filtre-kahveler","9":"first","10":"outofstock","11":"sale","12":"taxable","13":"shipping-taxable","14":"purchasable","15":"product-type-simple"},"_links":{"self":[{"href":"https:\/\/www.cahitefendi.com\/tr\/wp-json\/wp\/v2\/product\/20471","targetHints":{"allow":["GET"]}}],"collection":[{"href":"https:\/\/www.cahitefendi.com\/tr\/wp-json\/wp\/v2\/product"}],"about":[{"href":"https:\/\/www.cahitefendi.com\/tr\/wp-json\/wp\/v2\/types\/product"}],"replies":[{"embeddable":true,"href":"https:\/\/www.cahitefendi.com\/tr\/wp-json\/wp\/v2\/comments?post=20471"}],"wp:featuredmedia":[{"embeddable":true,"href":"https:\/\/www.cahitefendi.com\/tr\/wp-json\/wp\/v2\/media\/20468"}],"wp:attachment":[{"href":"https:\/\/www.cahitefendi.com\/tr\/wp-json\/wp\/v2\/media?parent=20471"}],"wp:term":[{"taxonomy":"product_brand","embeddable":true,"href":"https:\/\/www.cahitefendi.com\/tr\/wp-json\/wp\/v2\/product_brand?post=20471"},{"taxonomy":"product_cat","embeddable":true,"href":"https:\/\/www.cahitefendi.com\/tr\/wp-json\/wp\/v2\/product_cat?post=20471"},{"taxonomy":"product_tag","embeddable":true,"href":"https:\/\/www.cahitefendi.com\/tr\/wp-json\/wp\/v2\/product_tag?post=20471"}],"curies":[{"name":"wp","href":"https:\/\/api.w.org\/{rel}","templated":true}]}}