{"id":20470,"date":"2022-03-16T08:54:07","date_gmt":"2022-03-16T08:54:07","guid":{"rendered":"https:\/\/www.cahitefendi.com\/tr\/?post_type=product&#038;p=20470"},"modified":"2024-06-11T11:12:47","modified_gmt":"2024-06-11T11:12:47","slug":"avdimio-filtre-ogutulmus-kahve-400gr-silindir-kutu","status":"publish","type":"product","link":"https:\/\/www.cahitefendi.com\/tr\/urun\/avdimio-filtre-ogutulmus-kahve-400gr-silindir-kutu\/","title":{"rendered":"Avdimio Filtre \u00d6\u011f\u00fct\u00fclm\u00fc\u015f Kahve 400gr. Silindir Kutu"},"content":{"rendered":"<p><span style=\"vertical-align: inherit;\"><span style=\"vertical-align: inherit;\">\u00d6zel \u015fekilde harmanlanarak ortalama 200 derece \u0131s\u0131da kavrulan Kolombiya ve Kenya k\u00f6kenli kahvelerin yar\u0131 yar\u0131ya harman\u0131d\u0131r, standart olarak \u00e7ekirdek halinde sunulmakla birlikte talep halinde espresso veya filtre olarak \u00f6\u011f\u00fct\u00fclm\u00fc\u015f halde de teslim edilebilir. Kavurma tekni\u011fi sonucu oransal olarak daha yumu\u015fak bir tad\u0131 fincan\u0131n\u0131za getirir. Ev tipi k\u00fc\u00e7\u00fck makineler, French Press ve ayn\u0131 zamanda profesyonel Cimbali tipi makineler i\u00e7in de uygundur.<\/span><\/span><\/p>\n","protected":false},"excerpt":{"rendered":"<p><span style=\"vertical-align: inherit;\">\u00d6zel \u015fekilde harmanlanarak ortalama 200 derece \u0131s\u0131da kavrulan Kolombiya ve Kenya k\u00f6kenli kahvelerin yar\u0131 yar\u0131ya harman\u0131d\u0131r, standart olarak \u00e7ekirdek halinde sunulmakla birlikte talep halinde espresso veya filtre olarak \u00f6\u011f\u00fct\u00fclm\u00fc\u015f halde de teslim edilebilir. Kavurma tekni\u011fi sonucu oransal olarak daha yumu\u015fak bir tad\u0131 fincan\u0131n\u0131za getirir. Ev tipi k\u00fc\u00e7\u00fck makineler, French Press ve ayn\u0131 zamanda profesyonel Cimbali tipi makineler i\u00e7in de uygundur.<\/span><\/p>\n","protected":false},"featured_media":20469,"comment_status":"open","ping_status":"closed","template":"","meta":[],"product_brand":[],"product_cat":[32],"product_tag":[],"class_list":{"0":"post-20470","1":"product","2":"type-product","3":"status-publish","4":"has-post-thumbnail","6":"product_cat-filtre-kahveler","8":"first","9":"outofstock","10":"sale","11":"purchasable","12":"product-type-simple"},"_links":{"self":[{"href":"https:\/\/www.cahitefendi.com\/tr\/wp-json\/wp\/v2\/product\/20470","targetHints":{"allow":["GET"]}}],"collection":[{"href":"https:\/\/www.cahitefendi.com\/tr\/wp-json\/wp\/v2\/product"}],"about":[{"href":"https:\/\/www.cahitefendi.com\/tr\/wp-json\/wp\/v2\/types\/product"}],"replies":[{"embeddable":true,"href":"https:\/\/www.cahitefendi.com\/tr\/wp-json\/wp\/v2\/comments?post=20470"}],"wp:featuredmedia":[{"embeddable":true,"href":"https:\/\/www.cahitefendi.com\/tr\/wp-json\/wp\/v2\/media\/20469"}],"wp:attachment":[{"href":"https:\/\/www.cahitefendi.com\/tr\/wp-json\/wp\/v2\/media?parent=20470"}],"wp:term":[{"taxonomy":"product_brand","embeddable":true,"href":"https:\/\/www.cahitefendi.com\/tr\/wp-json\/wp\/v2\/product_brand?post=20470"},{"taxonomy":"product_cat","embeddable":true,"href":"https:\/\/www.cahitefendi.com\/tr\/wp-json\/wp\/v2\/product_cat?post=20470"},{"taxonomy":"product_tag","embeddable":true,"href":"https:\/\/www.cahitefendi.com\/tr\/wp-json\/wp\/v2\/product_tag?post=20470"}],"curies":[{"name":"wp","href":"https:\/\/api.w.org\/{rel}","templated":true}]}}