{"id":20366,"date":"2021-11-21T08:16:35","date_gmt":"2021-11-21T08:16:35","guid":{"rendered":"https:\/\/www.cahitefendi.com\/tr\/?post_type=product&#038;p=20366"},"modified":"2025-02-15T17:20:57","modified_gmt":"2025-02-15T17:20:57","slug":"avdimio-filtre-ogutulmus-kahve-250gr","status":"publish","type":"product","link":"https:\/\/www.cahitefendi.com\/tr\/urun\/avdimio-filtre-ogutulmus-kahve-250gr\/","title":{"rendered":"Avdimio Filtre \u00d6\u011f\u00fct\u00fclm\u00fc\u015f Kahve 250gr."},"content":{"rendered":"<p><strong><span style=\"vertical-align: inherit;\"><span style=\"vertical-align: inherit;\">\u0130\u00e7im:<\/span><\/span><\/strong><span style=\"vertical-align: inherit;\"><span style=\"vertical-align: inherit;\"> \u00a0Yumu\u015fak ve \u00e7ikolata tatl\u0131s\u0131 aromas\u0131 a\u011f\u0131zda yay\u0131l\u0131r. <\/span><span style=\"vertical-align: inherit;\">Bitiminde a\u011f\u0131zda kalan ve alttan gelen meyve tatlar\u0131 i\u00e7imi daha keyifli bir hale getiriyor. <\/span><span style=\"vertical-align: inherit;\">Temiz bir finish&#8217;i var ve bo\u011fazda bir ac\u0131l\u0131k b\u0131rakm\u0131yor.<\/span><\/span><\/p>\n<p><span style=\"vertical-align: inherit;\"><span style=\"vertical-align: inherit;\">\u00a0<\/span><\/span><\/p>\n<p><strong><span style=\"vertical-align: inherit;\"><span style=\"vertical-align: inherit;\">Detayl\u0131 Bilgi<\/span><\/span><\/strong><\/p>\n<p><span style=\"vertical-align: inherit;\"><span style=\"vertical-align: inherit;\">Bu kahvemiz \u0130talya&#8217;n\u0131n do\u011fa harikalar\u0131ndan biri olan Amalfi kasabas\u0131ndand\u0131r. Kahvelerimizi g\u00fcnl\u00fck olarak, i\u00e7inde bar\u0131nd\u0131rabilece\u011finiz tesislerde, pastanelerde kolayl\u0131kla eri\u015febilecek durumdas\u0131n\u0131z. <\/span><span style=\"vertical-align: inherit;\">Bunun i\u00e7in farkl\u0131 tad\u0131m noktalar\u0131na sahip olan bir harman olu\u015fturduk.<\/span><\/span><\/p>\n<p>&nbsp;<\/p>\n","protected":false},"excerpt":{"rendered":"<p><span style=\"vertical-align: inherit;\"><span style=\"vertical-align: inherit;\">Kuzey Kore Fine Cup ve Kenya kahvelerin harman\u0131ndan olu\u015fur. <\/span><span style=\"vertical-align: inherit;\">\u00d6zel \u015fekilde kar\u0131\u015ft\u0131r\u0131larak 200 derece \u0131s\u0131da kavrulur. <\/span><span style=\"vertical-align: inherit;\">Her tip filtre demleme makinesine uygun \u015fekilde kahve\u00fcl\u00fcr. <\/span><span style=\"vertical-align: inherit;\">Yo\u011fun tad\u0131 ile be\u011feninizi kazanacak birdir.<\/span><\/span><\/p>\n<p><span style=\"vertical-align: inherit;\"><span style=\"vertical-align: inherit;\">[fusion_checklist icon=\"ok\" iconcolor=\"#aaaaaa\" daire=\"hay\u0131r\"]<\/span><\/span><\/p>\n<ul>\n<li>\n<div class=\"product-list-title\"><strong><span style=\"vertical-align: inherit;\"><span style=\"vertical-align: inherit;\">Aroma:<\/span><\/span><\/strong><span style=\"vertical-align: inherit;\"><span style=\"vertical-align: inherit;\"> F\u0131nd\u0131k, Odunsu, Topraks\u0131<\/span><\/span><\/div>\n<\/li>\n<li>\n<div class=\"product-list-title\"><strong><span style=\"vertical-align: inherit;\"><span style=\"vertical-align: inherit;\">Sertlik <\/span><\/span><\/strong> <strong><span style=\"vertical-align: inherit;\"><span style=\"vertical-align: inherit;\">:<\/span><\/span><\/strong><span style=\"vertical-align: inherit;\"><span style=\"vertical-align: inherit;\"> \u00a0Hafif<\/span><\/span><\/div>\n<\/li>\n<li>\n<div class=\"product-list-title\"><strong><span style=\"vertical-align: inherit;\"><span style=\"vertical-align: inherit;\">Asidite :<\/span><\/span><\/strong><span style=\"vertical-align: inherit;\"><span style=\"vertical-align: inherit;\"> Hafif<\/span><\/span><\/div>\n<\/li>\n<\/ul>\n<p><span style=\"vertical-align: inherit;\"><span style=\"vertical-align: inherit;\">[\/fusion_checklist]<\/span><\/span><\/p>\n","protected":false},"featured_media":20359,"comment_status":"open","ping_status":"closed","template":"","meta":[],"product_brand":[],"product_cat":[32],"product_tag":[33,37,34,36],"class_list":{"0":"post-20366","1":"product","2":"type-product","3":"status-publish","4":"has-post-thumbnail","6":"product_cat-filtre-kahveler","7":"product_tag-arabica","8":"product_tag-mistik-tatlar","9":"product_tag-mix","10":"product_tag-typical","12":"first","13":"instock","14":"sale","15":"taxable","16":"shipping-taxable","17":"purchasable","18":"product-type-simple"},"_links":{"self":[{"href":"https:\/\/www.cahitefendi.com\/tr\/wp-json\/wp\/v2\/product\/20366","targetHints":{"allow":["GET"]}}],"collection":[{"href":"https:\/\/www.cahitefendi.com\/tr\/wp-json\/wp\/v2\/product"}],"about":[{"href":"https:\/\/www.cahitefendi.com\/tr\/wp-json\/wp\/v2\/types\/product"}],"replies":[{"embeddable":true,"href":"https:\/\/www.cahitefendi.com\/tr\/wp-json\/wp\/v2\/comments?post=20366"}],"wp:featuredmedia":[{"embeddable":true,"href":"https:\/\/www.cahitefendi.com\/tr\/wp-json\/wp\/v2\/media\/20359"}],"wp:attachment":[{"href":"https:\/\/www.cahitefendi.com\/tr\/wp-json\/wp\/v2\/media?parent=20366"}],"wp:term":[{"taxonomy":"product_brand","embeddable":true,"href":"https:\/\/www.cahitefendi.com\/tr\/wp-json\/wp\/v2\/product_brand?post=20366"},{"taxonomy":"product_cat","embeddable":true,"href":"https:\/\/www.cahitefendi.com\/tr\/wp-json\/wp\/v2\/product_cat?post=20366"},{"taxonomy":"product_tag","embeddable":true,"href":"https:\/\/www.cahitefendi.com\/tr\/wp-json\/wp\/v2\/product_tag?post=20366"}],"curies":[{"name":"wp","href":"https:\/\/api.w.org\/{rel}","templated":true}]}}