{"id":20361,"date":"2021-11-21T06:34:43","date_gmt":"2021-11-21T06:34:43","guid":{"rendered":"https:\/\/www.cahitefendi.com\/tr\/?post_type=product&#038;p=20361"},"modified":"2025-02-15T17:04:09","modified_gmt":"2025-02-15T17:04:09","slug":"avdimio-coffee-dream-cekirdek-kahve-500gr","status":"publish","type":"product","link":"https:\/\/www.cahitefendi.com\/tr\/urun\/avdimio-coffee-dream-cekirdek-kahve-500gr\/","title":{"rendered":"Avdimio Coffee Dream \u00c7ekirdek Kahve 500gr."},"content":{"rendered":"<p>Arabica ile Kolombiya kahvelerinin yar\u0131 yar\u0131ya kar\u0131\u015f\u0131m\u0131d\u0131r. Sadece \u00e7ekirdek olarak mevcuttur. \u00d6\u011f\u00fctme de\u011firmeni olan dostlar\u0131n\u0131za hediye i\u00e7in idealdir. Espresso veya filtre demleme i\u00e7in kendiniz \u00f6\u011f\u00fctebilirsiniz.<\/p>\n<p>Kavurma tekni\u011fi sonucu oransal olarak daha yumu\u015fak bir tad\u0131 fincan\u0131n\u0131za getirir. 1000ve 500 gr. Ambalajlarda olup talebe g\u00f6re fitre veya espresso i\u00e7in \u00f6\u011f\u00fct\u00fclm\u00fc\u015f olarak da sevk edilebilmektedir. Sipari\u015fte belirtilmesi rica olunur. Ev tipi k\u00fc\u00e7\u00fck makineler, French Press ve ayn\u0131 zamanda profesyonel Cimbali tipi makineler i\u00e7in de uygundur.<\/p>\n","protected":false},"excerpt":{"rendered":"<p>Arabica ile Kolombiya kahvelerinin yar\u0131 yar\u0131ya kar\u0131\u015f\u0131m\u0131d\u0131r. Sadece \u00e7ekirdek olarak mevcuttur. \u00d6\u011f\u00fctme de\u011firmeni olan dostlar\u0131n\u0131za hediye i\u00e7in idealdir. Espresso veya filtre demleme i\u00e7in kendiniz \u00f6\u011f\u00fctebilirsiniz.<\/p>\n","protected":false},"featured_media":20358,"comment_status":"open","ping_status":"closed","template":"","meta":[],"product_brand":[],"product_cat":[46,32],"product_tag":[],"class_list":{"0":"post-20361","1":"product","2":"type-product","3":"status-publish","4":"has-post-thumbnail","6":"product_cat-espresso-ogutulmus-kahveler","7":"product_cat-filtre-kahveler","9":"first","10":"instock","11":"sale","12":"taxable","13":"shipping-taxable","14":"purchasable","15":"product-type-simple"},"_links":{"self":[{"href":"https:\/\/www.cahitefendi.com\/tr\/wp-json\/wp\/v2\/product\/20361","targetHints":{"allow":["GET"]}}],"collection":[{"href":"https:\/\/www.cahitefendi.com\/tr\/wp-json\/wp\/v2\/product"}],"about":[{"href":"https:\/\/www.cahitefendi.com\/tr\/wp-json\/wp\/v2\/types\/product"}],"replies":[{"embeddable":true,"href":"https:\/\/www.cahitefendi.com\/tr\/wp-json\/wp\/v2\/comments?post=20361"}],"wp:featuredmedia":[{"embeddable":true,"href":"https:\/\/www.cahitefendi.com\/tr\/wp-json\/wp\/v2\/media\/20358"}],"wp:attachment":[{"href":"https:\/\/www.cahitefendi.com\/tr\/wp-json\/wp\/v2\/media?parent=20361"}],"wp:term":[{"taxonomy":"product_brand","embeddable":true,"href":"https:\/\/www.cahitefendi.com\/tr\/wp-json\/wp\/v2\/product_brand?post=20361"},{"taxonomy":"product_cat","embeddable":true,"href":"https:\/\/www.cahitefendi.com\/tr\/wp-json\/wp\/v2\/product_cat?post=20361"},{"taxonomy":"product_tag","embeddable":true,"href":"https:\/\/www.cahitefendi.com\/tr\/wp-json\/wp\/v2\/product_tag?post=20361"}],"curies":[{"name":"wp","href":"https:\/\/api.w.org\/{rel}","templated":true}]}}