{"id":20235,"date":"2021-05-23T13:30:38","date_gmt":"2021-05-23T13:30:38","guid":{"rendered":"http:\/\/www.cahitefendi.com\/tr\/?post_type=product&#038;p=20235"},"modified":"2025-05-26T09:57:59","modified_gmt":"2025-05-26T09:57:59","slug":"avdimio-sicak-cikolata-1000-gr","status":"publish","type":"product","link":"https:\/\/www.cahitefendi.com\/tr\/urun\/avdimio-sicak-cikolata-1000-gr\/","title":{"rendered":"Avdimio S\u0131cak \u00c7ikolata 1000 gr."},"content":{"rendered":"<p>Kakao esasl\u0131 haz\u0131r \u00e7ikolata tozu. S\u0131cak suya kar\u0131\u015ft\u0131r\u0131larak i\u00e7ime haz\u0131r hale getirilir. A\u011f\u0131z tad\u0131na g\u00f6re \u015feker veya a\u00e7\u0131k seviyorsan\u0131z Avdimio Kahve Kremas\u0131 ekleyebilirsiniz.<\/p>\n","protected":false},"excerpt":{"rendered":"<p>Kakao esasl\u0131 haz\u0131r \u00e7ikolata tozu. S\u0131cak suya kar\u0131\u015ft\u0131r\u0131larak i\u00e7ime haz\u0131r hale getirilir. A\u011f\u0131z tad\u0131na g\u00f6re \u015feker veya a\u00e7\u0131k seviyorsan\u0131z Avdimio Kahve Kremas\u0131 ekleyebilirsiniz.<\/p>\n","protected":false},"featured_media":20236,"comment_status":"open","ping_status":"closed","template":"","meta":[],"product_brand":[],"product_cat":[64],"product_tag":[],"class_list":{"0":"post-20235","1":"product","2":"type-product","3":"status-publish","4":"has-post-thumbnail","6":"product_cat-cozunebilir-kahve","8":"first","9":"instock","10":"sale","11":"taxable","12":"shipping-taxable","13":"purchasable","14":"product-type-simple"},"_links":{"self":[{"href":"https:\/\/www.cahitefendi.com\/tr\/wp-json\/wp\/v2\/product\/20235","targetHints":{"allow":["GET"]}}],"collection":[{"href":"https:\/\/www.cahitefendi.com\/tr\/wp-json\/wp\/v2\/product"}],"about":[{"href":"https:\/\/www.cahitefendi.com\/tr\/wp-json\/wp\/v2\/types\/product"}],"replies":[{"embeddable":true,"href":"https:\/\/www.cahitefendi.com\/tr\/wp-json\/wp\/v2\/comments?post=20235"}],"wp:featuredmedia":[{"embeddable":true,"href":"https:\/\/www.cahitefendi.com\/tr\/wp-json\/wp\/v2\/media\/20236"}],"wp:attachment":[{"href":"https:\/\/www.cahitefendi.com\/tr\/wp-json\/wp\/v2\/media?parent=20235"}],"wp:term":[{"taxonomy":"product_brand","embeddable":true,"href":"https:\/\/www.cahitefendi.com\/tr\/wp-json\/wp\/v2\/product_brand?post=20235"},{"taxonomy":"product_cat","embeddable":true,"href":"https:\/\/www.cahitefendi.com\/tr\/wp-json\/wp\/v2\/product_cat?post=20235"},{"taxonomy":"product_tag","embeddable":true,"href":"https:\/\/www.cahitefendi.com\/tr\/wp-json\/wp\/v2\/product_tag?post=20235"}],"curies":[{"name":"wp","href":"https:\/\/api.w.org\/{rel}","templated":true}]}}