{"id":20219,"date":"2021-05-23T12:11:24","date_gmt":"2021-05-23T12:11:24","guid":{"rendered":"http:\/\/www.cahitefendi.com\/tr\/?post_type=product&#038;p=20219"},"modified":"2025-02-15T16:12:20","modified_gmt":"2025-02-15T16:12:20","slug":"avdimio-filtre-kahve-1000-gr","status":"publish","type":"product","link":"https:\/\/www.cahitefendi.com\/tr\/urun\/avdimio-filtre-kahve-1000-gr\/","title":{"rendered":"Avdimio Filtre \u00d6\u011f\u00fct\u00fclm\u00fc\u015f Kahve 1000 gr."},"content":{"rendered":"<p><strong><span style=\"vertical-align: inherit;\"><span style=\"vertical-align: inherit;\">\u0130\u00e7im:<\/span><\/span><\/strong><span style=\"vertical-align: inherit;\"><span style=\"vertical-align: inherit;\"> \u00a0Yumu\u015fak ve \u00e7ikolata tatl\u0131s\u0131 a\u011fza yay\u0131ld\u0131\u011f\u0131ndamsi tatlar\u0131. <\/span><span style=\"vertical-align: inherit;\">Finish ile a\u011f\u0131zda kalan ve alttan gelen meyve tatlar\u0131 i\u00e7imi daha keyifli bir hale getiriyor. <\/span><span style=\"vertical-align: inherit;\">Temiz bir finish&#8217;i var ve bo\u011fazda bir b\u0131rakm\u0131yor.<\/span><\/span><\/p>\n<p><span style=\"vertical-align: inherit;\"><span style=\"vertical-align: inherit;\">Kahvede Harmanlama yani Harmanlama bak\u0131m\u0131ndan do\u011frun biri. <\/span><span style=\"vertical-align: inherit;\">Ne yaz\u0131k ki i\u015fletme taraf\u0131ndan sadece kolay kullan\u0131lan bu y\u00f6ntem, lezzeti ikinci plana yans\u0131yarak yeti\u015ftirilen kahveler ile i\u00e7 g\u00f6r\u00fcn\u00fc\u015flerin yeti\u015ftirilenlerle birlikte. <\/span><span style=\"vertical-align: inherit;\">Tad\u0131m ve damakta tatmak i\u00e7in tek men\u015feli ve kahveler en do\u011frudur.<\/span><\/span><\/p>\n<p><span style=\"vertical-align: inherit;\"><span style=\"vertical-align: inherit;\">Zaman damak lezzetinden sonra baz\u0131 kahvelerde ve g\u00fczel lezzetlerin ya fazla olmas\u0131 ya da tam \u00f6ne \u00e7\u0131kamamas\u0131 t\u0131slanmaya ba\u015flar. <\/span><span style=\"vertical-align: inherit;\">Bu lezzetleri daha fazla \u00f6ne ve\/veya e\u011fer varsa di\u011fer bir lezzetle envanteri \u00e7\u0131karmak i\u00e7in \u00e7\u0131kar. <\/span><span style=\"vertical-align: inherit;\">Bunu ba\u015far\u0131l\u0131 bir \u015fekilde olu\u015fturup ticari bir hale getirmek de hem lezzeti yetkinli\u011fi hem de tats\u0131zd\u0131r.<\/span><\/span><\/p>\n<p><span style=\"vertical-align: inherit;\"><span style=\"vertical-align: inherit;\">Bu kahvemizde \u0130talya&#8217;n\u0131n do\u011fa harikalar\u0131ndan biri olan Amalfi kasabas\u0131ndan ald\u0131k. <\/span><span style=\"vertical-align: inherit;\">Da\u011flar\u0131n denize uzand\u0131\u011f\u0131 Amalfi k\u0131y\u0131lar\u0131nda bir u\u00e7urumun ucuna in\u015fa edilmi\u015f \u00e7i\u00e7ekli balkonuyla bembeyaz bir ev, hemen ilerisinde k\u0131rm\u0131z\u0131 kem baraj\u0131yla bir mahalle ve bu da\u011flar\u0131n yollar\u0131ndan bire kar\u015f\u0131n\u0131za \u00e7\u0131kan k\u00fc\u00e7\u00fck koylar dikkat \u00e7ekici. <\/span><span style=\"vertical-align: inherit;\">Amalfi blendde ise ve kendini belli eden bir \u00e7ikolata \u00e7e\u015fidinde, belirgin \u015fekilde g\u00f6z\u00fcm\u00fcz\u00fcn ve kendimize \u00e7ekici meyvelerden bir kar\u015f\u0131m ve olayla kendini y\u00f6nlendirmek yoluyla kendini y\u00f6nlendirme ve k\u00fc\u00e7\u00fck mistik tatlar\u0131 yer al\u0131r.<\/span><\/span><\/p>\n<p><strong><span style=\"vertical-align: inherit;\"><span style=\"vertical-align: inherit;\">Detayl\u0131 Bilgi<\/span><\/span><\/strong><\/p>\n<p><span style=\"vertical-align: inherit;\"><span style=\"vertical-align: inherit;\">Bu kahveyi olu\u015ftururken g\u00fcnl\u00fck olarak, i\u00e7inde bar\u0131nd\u0131rabilece\u011finiz tesislerde, pastanelerde kullan\u0131ma uygun olabilecek durumdas\u0131n\u0131z. <\/span><span style=\"vertical-align: inherit;\">Bunun i\u00e7in farkl\u0131 tad\u0131m de\u011fillerine sahip olan bir harman olu\u015fturduk. <\/span><span style=\"vertical-align: inherit;\">Latin Amerika&#8217;n\u0131n \u00fcreticilerias&#8217;\u0131n Kuzey Amerika&#8217;n\u0131n yan\u0131 s\u0131ra yan do\u011fu \u00fclkelerinin mistik hediyelerini tatlar\u0131n\u0131 bu blende i\u00e7erdikleri i\u00e7in.<\/span><\/span><\/p>\n<p><span style=\"vertical-align: inherit;\"><span style=\"vertical-align: inherit;\">Latin Amerika&#8217;n\u0131n \u00e7ekirdek yap\u0131lar\u0131 Bourbon&#8217;lar\u0131ndan ay\u0131rt edici \u00f6zellikler. <\/span><span style=\"vertical-align: inherit;\">Bu men\u00fcde ekolojik yap\u0131 veiyle birle\u015fince tatlar\u0131n\u0131n iklimde oldu\u011fu gibi bir tad\u0131m \u00e7etelesi \u00e7\u0131kacak. <\/span><span style=\"vertical-align: inherit;\">Kahvenin i\u00e7inde bulunan bir bitki ve Latin Amerika&#8217;n\u0131n ayn\u0131 zamanda mevcut olan de\u011fil, ayn\u0131 zamanda bu durumda olan bir bitki de\u011fil asl\u0131nda. <\/span><span style=\"vertical-align: inherit;\">Ancak her bir Latin Amerika \u00fclkesinin tar\u0131m iklimi, iklimi, ekolojik yap\u0131s\u0131 ve kaynak ile bu \u00e7ikolata lezzetinin farkl\u0131 tatla bile\u015fke mand\u0131ra tatlar\u0131 m\u00fcmk\u00fcn.<\/span><\/span><\/p>\n<p><span style=\"vertical-align: inherit;\"><span style=\"vertical-align: inherit;\">Bu harmanda Latin Amerika kahvelerini \u00e7ikolata olan ve meyvemsi tatlar i\u00e7eren \u00e7ekirdeklerden olu\u015fturduk. <\/span><span style=\"vertical-align: inherit;\">Uzak do\u011fu kahvelerinin \u00f6zellikle biti\u015fi ile t\u0131slanm\u0131\u015f olan kurumun olmas\u0131 gerekti\u011fi \u015fekilde d\u00fc\u015f\u00fcn\u00fclm\u00fc\u015f. <\/span><span style=\"vertical-align: inherit;\">Latin Amerika&#8217;n\u0131n \u00e7ikolata temelli tatlar\u0131na Uzakdo\u011fu&#8217;nun saatinde ve mistik tonlar\u0131n\u0131 ekleyebilece\u011fimizde g\u00fcn\u00fcnde kavu\u015fabilece\u011fine inand\u0131\u011f\u0131m\u0131z bir kahve \u00e7\u0131kt\u0131.<\/span><\/span><\/p>\n<p>&nbsp;<\/p>\n","protected":false},"excerpt":{"rendered":"<p><span style=\"vertical-align: inherit;\"><span style=\"vertical-align: inherit;\">Kuzey Kore Fine Cup ve Kenya kahvelerin harman\u0131ndan olu\u015fur. <\/span><span style=\"vertical-align: inherit;\">\u00d6zel \u015fekilde kar\u0131\u015ft\u0131r\u0131larak 200 derece \u0131s\u0131da kavrulur. <\/span><span style=\"vertical-align: inherit;\">Her tip filtre demleme makinesine uygun \u015fekilde kahve\u00fcl\u00fcr. <\/span><span style=\"vertical-align: inherit;\">Yo\u011fun tad\u0131 ile be\u011feninizi kazanacak birdir.<\/span><\/span><\/p>\n<p><span style=\"vertical-align: inherit;\"><span style=\"vertical-align: inherit;\">[fusion_checklist icon=\"ok\" iconcolor=\"#aaaaaa\" daire=\"hay\u0131r\"]<\/span><\/span><\/p>\n<ul>\n<li>\n<div class=\"product-list-title\"><strong><span style=\"vertical-align: inherit;\"><span style=\"vertical-align: inherit;\">Aroma:<\/span><\/span><\/strong><span style=\"vertical-align: inherit;\"><span style=\"vertical-align: inherit;\"> F\u0131nd\u0131k, Odunsu, Topraks\u0131<\/span><\/span><\/div>\n<\/li>\n<li>\n<div class=\"product-list-title\"><strong><span style=\"vertical-align: inherit;\"><span style=\"vertical-align: inherit;\">Sertlik <\/span><\/span><\/strong> <strong><span style=\"vertical-align: inherit;\"><span style=\"vertical-align: inherit;\">:<\/span><\/span><\/strong><span style=\"vertical-align: inherit;\"><span style=\"vertical-align: inherit;\"> \u00a0Hafif<\/span><\/span><\/div>\n<\/li>\n<li>\n<div class=\"product-list-title\"><strong><span style=\"vertical-align: inherit;\"><span style=\"vertical-align: inherit;\">Asidite :<\/span><\/span><\/strong><span style=\"vertical-align: inherit;\"><span style=\"vertical-align: inherit;\"> Hafif<\/span><\/span><\/div>\n<\/li>\n<\/ul>\n<p><span style=\"vertical-align: inherit;\"><span style=\"vertical-align: inherit;\">[\/fusion_checklist]<\/span><\/span><\/p>\n","protected":false},"featured_media":20359,"comment_status":"open","ping_status":"closed","template":"","meta":[],"product_brand":[],"product_cat":[32],"product_tag":[33,37,34,36],"class_list":{"0":"post-20219","1":"product","2":"type-product","3":"status-publish","4":"has-post-thumbnail","6":"product_cat-filtre-kahveler","7":"product_tag-arabica","8":"product_tag-mistik-tatlar","9":"product_tag-mix","10":"product_tag-typical","12":"first","13":"instock","14":"sale","15":"taxable","16":"shipping-taxable","17":"purchasable","18":"product-type-simple"},"_links":{"self":[{"href":"https:\/\/www.cahitefendi.com\/tr\/wp-json\/wp\/v2\/product\/20219","targetHints":{"allow":["GET"]}}],"collection":[{"href":"https:\/\/www.cahitefendi.com\/tr\/wp-json\/wp\/v2\/product"}],"about":[{"href":"https:\/\/www.cahitefendi.com\/tr\/wp-json\/wp\/v2\/types\/product"}],"replies":[{"embeddable":true,"href":"https:\/\/www.cahitefendi.com\/tr\/wp-json\/wp\/v2\/comments?post=20219"}],"wp:featuredmedia":[{"embeddable":true,"href":"https:\/\/www.cahitefendi.com\/tr\/wp-json\/wp\/v2\/media\/20359"}],"wp:attachment":[{"href":"https:\/\/www.cahitefendi.com\/tr\/wp-json\/wp\/v2\/media?parent=20219"}],"wp:term":[{"taxonomy":"product_brand","embeddable":true,"href":"https:\/\/www.cahitefendi.com\/tr\/wp-json\/wp\/v2\/product_brand?post=20219"},{"taxonomy":"product_cat","embeddable":true,"href":"https:\/\/www.cahitefendi.com\/tr\/wp-json\/wp\/v2\/product_cat?post=20219"},{"taxonomy":"product_tag","embeddable":true,"href":"https:\/\/www.cahitefendi.com\/tr\/wp-json\/wp\/v2\/product_tag?post=20219"}],"curies":[{"name":"wp","href":"https:\/\/api.w.org\/{rel}","templated":true}]}}