{"id":20218,"date":"2021-05-23T12:33:14","date_gmt":"2021-05-23T12:33:14","guid":{"rendered":"http:\/\/www.cahitefendi.com\/tr\/?post_type=product&#038;p=20218"},"modified":"2025-02-15T17:22:40","modified_gmt":"2025-02-15T17:22:40","slug":"avdimio-cekirdek-kahve","status":"publish","type":"product","link":"https:\/\/www.cahitefendi.com\/tr\/urun\/avdimio-cekirdek-kahve\/","title":{"rendered":"Avdimio Coffee Dream Hediyelik \u00c7ekirdek Kahve 250gr."},"content":{"rendered":"<p>Arabica ile Kolombiya kahvelerinin yar\u0131 yar\u0131ya kar\u0131\u015f\u0131m\u0131d\u0131r. Sadece \u00e7ekirdek olarak mevcuttur. \u00d6\u011f\u00fctme de\u011firmeni olan dostlar\u0131n\u0131za hediye i\u00e7in idealdir. Espresso veya filtre demleme i\u00e7in kendiniz \u00f6\u011f\u00fctebilirsiniz.<\/p>\n","protected":false},"excerpt":{"rendered":"<p>Arabica ile Kolombiya kahvelerinin yar\u0131 yar\u0131ya kar\u0131\u015f\u0131m\u0131d\u0131r. Sadece \u00e7ekirdek olarak mevcuttur. \u00d6\u011f\u00fctme de\u011firmeni olan dostlar\u0131n\u0131za hediye i\u00e7in idealdir. Espresso veya filtre demleme i\u00e7in kendiniz \u00f6\u011f\u00fctebilirsiniz.<\/p>\n","protected":false},"featured_media":20358,"comment_status":"open","ping_status":"closed","template":"","meta":[],"product_brand":[],"product_cat":[46,32],"product_tag":[],"class_list":{"0":"post-20218","1":"product","2":"type-product","3":"status-publish","4":"has-post-thumbnail","6":"product_cat-espresso-ogutulmus-kahveler","7":"product_cat-filtre-kahveler","9":"first","10":"instock","11":"sale","12":"taxable","13":"shipping-taxable","14":"purchasable","15":"product-type-simple"},"_links":{"self":[{"href":"https:\/\/www.cahitefendi.com\/tr\/wp-json\/wp\/v2\/product\/20218","targetHints":{"allow":["GET"]}}],"collection":[{"href":"https:\/\/www.cahitefendi.com\/tr\/wp-json\/wp\/v2\/product"}],"about":[{"href":"https:\/\/www.cahitefendi.com\/tr\/wp-json\/wp\/v2\/types\/product"}],"replies":[{"embeddable":true,"href":"https:\/\/www.cahitefendi.com\/tr\/wp-json\/wp\/v2\/comments?post=20218"}],"wp:featuredmedia":[{"embeddable":true,"href":"https:\/\/www.cahitefendi.com\/tr\/wp-json\/wp\/v2\/media\/20358"}],"wp:attachment":[{"href":"https:\/\/www.cahitefendi.com\/tr\/wp-json\/wp\/v2\/media?parent=20218"}],"wp:term":[{"taxonomy":"product_brand","embeddable":true,"href":"https:\/\/www.cahitefendi.com\/tr\/wp-json\/wp\/v2\/product_brand?post=20218"},{"taxonomy":"product_cat","embeddable":true,"href":"https:\/\/www.cahitefendi.com\/tr\/wp-json\/wp\/v2\/product_cat?post=20218"},{"taxonomy":"product_tag","embeddable":true,"href":"https:\/\/www.cahitefendi.com\/tr\/wp-json\/wp\/v2\/product_tag?post=20218"}],"curies":[{"name":"wp","href":"https:\/\/api.w.org\/{rel}","templated":true}]}}