{"id":20190,"date":"2021-05-22T08:45:13","date_gmt":"2021-05-22T08:45:13","guid":{"rendered":"http:\/\/www.cahitefendi.com\/tr\/?post_type=product&#038;p=20190"},"modified":"2025-02-15T15:54:22","modified_gmt":"2025-02-15T15:54:22","slug":"cahit-efendi-turk-kahvesi-100-gr-24lu-koli","status":"publish","type":"product","link":"https:\/\/www.cahitefendi.com\/tr\/urun\/cahit-efendi-turk-kahvesi-100-gr-24lu-koli\/","title":{"rendered":"Cahit Efendi T\u00fcrk Kahvesi 100 gr. 24&#8217;l\u00fc koli"},"content":{"rendered":"<p><strong>Geleneksel T\u00fcrk Kahvesi&#8217;nin en g\u00fczel harman\u0131<\/strong><\/p>\n<p>Kolombiya Fine Cup-Rio Minas ve Arabica t\u00fcr\u00fc kahvelerin se\u00e7kin harman\u0131ndan\u00a0 170-185 derece orta \u0131s\u0131da yava\u015f kavurma ile haz\u0131rlan\u0131p, bir g\u00fcn sonra \u00f6\u011f\u00fct\u00fcl\u00fcp ertesi g\u00fcn ambalajlanan kahve merakl\u0131lar\u0131n\u0131n b\u00fcy\u00fck be\u011fenisini almaktad\u0131r.\u00a0 Standart olarak 100 gr ve 1.000 gr ambalajlarda sat\u0131\u015fa sunulan \u00fcr\u00fcn\u00fcm\u00fcz\u00fc talep \u00fczerine 250 ve 500 gr ambalajlarda da teslim edebiliyoruz.<\/p>\n","protected":false},"excerpt":{"rendered":"<p><strong>Geleneksel T\u00fcrk Kahvesi&#8217;nin en g\u00fczel harman\u0131<\/strong><\/p>\n<p><span style=\"vertical-align: inherit;\"><span style=\"vertical-align: inherit;\">Kolombiya Fine Cup-Rio Minas ve Arabica t\u00fcr\u00fc kahvelerin se\u00e7kin harman\u0131ndan\u00a0 170-185 derece orta \u0131s\u0131da yava\u015f kavurma ile haz\u0131rlan\u0131p, bir g\u00fcn sonra \u00f6\u011f\u00fct\u00fcl\u00fcp ertesi g\u00fcn ambalajlanan kahve merakl\u0131lar\u0131n\u0131n b\u00fcy\u00fck be\u011fenisini almaktad\u0131r.\u00a0 Standart olarak 100 gr ve 1.000 gr ambalajlarda sat\u0131\u015fa sunulan \u00fcr\u00fcn\u00fcm\u00fcz\u00fc talep \u00fczerine 250 ve 500 gr ambalajlarda da teslim edebiliyoruz.<\/span><\/span><\/p>\n","protected":false},"featured_media":20188,"comment_status":"open","ping_status":"closed","template":"","meta":[],"product_brand":[],"product_cat":[57],"product_tag":[33,122,106],"class_list":{"0":"post-20190","1":"product","2":"type-product","3":"status-publish","4":"has-post-thumbnail","6":"product_cat-turk-kahvesi-cesitleri","7":"product_tag-arabica","8":"product_tag-kolombiya-fine-cup-rio","9":"product_tag-turk-kahvesi","11":"first","12":"instock","13":"sale","14":"taxable","15":"shipping-taxable","16":"purchasable","17":"product-type-simple"},"_links":{"self":[{"href":"https:\/\/www.cahitefendi.com\/tr\/wp-json\/wp\/v2\/product\/20190","targetHints":{"allow":["GET"]}}],"collection":[{"href":"https:\/\/www.cahitefendi.com\/tr\/wp-json\/wp\/v2\/product"}],"about":[{"href":"https:\/\/www.cahitefendi.com\/tr\/wp-json\/wp\/v2\/types\/product"}],"replies":[{"embeddable":true,"href":"https:\/\/www.cahitefendi.com\/tr\/wp-json\/wp\/v2\/comments?post=20190"}],"wp:featuredmedia":[{"embeddable":true,"href":"https:\/\/www.cahitefendi.com\/tr\/wp-json\/wp\/v2\/media\/20188"}],"wp:attachment":[{"href":"https:\/\/www.cahitefendi.com\/tr\/wp-json\/wp\/v2\/media?parent=20190"}],"wp:term":[{"taxonomy":"product_brand","embeddable":true,"href":"https:\/\/www.cahitefendi.com\/tr\/wp-json\/wp\/v2\/product_brand?post=20190"},{"taxonomy":"product_cat","embeddable":true,"href":"https:\/\/www.cahitefendi.com\/tr\/wp-json\/wp\/v2\/product_cat?post=20190"},{"taxonomy":"product_tag","embeddable":true,"href":"https:\/\/www.cahitefendi.com\/tr\/wp-json\/wp\/v2\/product_tag?post=20190"}],"curies":[{"name":"wp","href":"https:\/\/api.w.org\/{rel}","templated":true}]}}